{"id":316,"date":"2021-11-24T10:31:17","date_gmt":"2021-11-24T09:31:17","guid":{"rendered":"https:\/\/wordpress.decouvesverte.fr\/?page_id=316"},"modified":"2024-03-18T15:52:53","modified_gmt":"2024-03-18T14:52:53","slug":"notre-histoire","status":"publish","type":"page","link":"https:\/\/www.decouvesverte.fr\/index.php\/notre-histoire\/","title":{"rendered":"Notre Histoire"},"content":{"rendered":"\t\t<div data-elementor-type=\"wp-page\" data-elementor-id=\"316\" class=\"elementor elementor-316\">\n\t\t\t\t\t\t<section class=\"elementor-section elementor-top-section elementor-element elementor-element-36baa96 elementor-section-boxed elementor-section-height-default elementor-section-height-default\" data-id=\"36baa96\" data-element_type=\"section\" data-e-type=\"section\">\n\t\t\t\t\t\t<div class=\"elementor-container elementor-column-gap-default\">\n\t\t\t\t\t<div class=\"elementor-column elementor-col-100 elementor-top-column elementor-element elementor-element-6495704\" data-id=\"6495704\" data-element_type=\"column\" data-e-type=\"column\">\n\t\t\t<div class=\"elementor-widget-wrap elementor-element-populated\">\n\t\t\t\t\t\t<div class=\"elementor-element elementor-element-7b9d665 elementor-widget elementor-widget-heading\" data-id=\"7b9d665\" data-element_type=\"widget\" data-e-type=\"widget\" data-widget_type=\"heading.default\">\n\t\t\t\t<div class=\"elementor-widget-container\">\n\t\t\t\t\t<h2 class=\"elementor-heading-title elementor-size-default\">En 1992 D'Ecouves Verte est n\u00e9e !<\/h2>\t\t\t\t<\/div>\n\t\t\t\t<\/div>\n\t\t\t\t\t<\/div>\n\t\t<\/div>\n\t\t\t\t\t<\/div>\n\t\t<\/section>\n\t\t\t\t<section class=\"elementor-section elementor-top-section elementor-element elementor-element-c70f2fa elementor-section-boxed elementor-section-height-default elementor-section-height-default\" data-id=\"c70f2fa\" data-element_type=\"section\" data-e-type=\"section\">\n\t\t\t\t\t\t<div class=\"elementor-container elementor-column-gap-default\">\n\t\t\t\t\t<div class=\"elementor-column elementor-col-100 elementor-top-column elementor-element elementor-element-04fcdff\" data-id=\"04fcdff\" data-element_type=\"column\" data-e-type=\"column\">\n\t\t\t<div class=\"elementor-widget-wrap elementor-element-populated\">\n\t\t\t\t\t\t<div class=\"elementor-element elementor-element-b2fe86e elementor-drop-cap-yes elementor-drop-cap-view-default elementor-widget elementor-widget-text-editor\" data-id=\"b2fe86e\" data-element_type=\"widget\" data-e-type=\"widget\" data-settings=\"{&quot;drop_cap&quot;:&quot;yes&quot;}\" data-widget_type=\"text-editor.default\">\n\t\t\t\t<div class=\"elementor-widget-container\">\n\t\t\t\t\t\t\t\t\t<p>Octobre 1992, \u00e0 Fontenai les Louvets, sous l&rsquo;impulsion de Georges Penelon qui a su f\u00e9d\u00e9rer autour de lui des habitant\u2022es de la for\u00eat d&rsquo;Ecouves, na\u00eet l&rsquo;Association D&rsquo;Ecouves Verte. Georges Penelon f\u00e9d\u00e8re alors des partenaires tels que l&rsquo;ONF, le Parc Normandie-Maine et bien d&rsquo;autres acteurs du territoire.<\/p><p>Ce qui les r\u00e9unit : la volont\u00e9 de vivre leur \u201cruralit\u00e9 choisie\u201d sur un territoire accueillant, innovant, ouvert sur l\u2019ext\u00e9rieur, capable d\u2019offrir un cadre de vie dynamique.<\/p><p><span style=\"text-indent: 0em;\">Il est plein de ressources ce petit \u201ccoin de terre\u201d. Que ce soit des activit\u00e9s de pleine nature, le patrimoine historique, les savoir-faire artisanaux, agricoles\u2026 et surtout, des collectifs qui sont d\u00e9j\u00e0 pr\u00e9sents et une jeunesse pr\u00eate \u00e0 s\u2019impliquer dans de nouvelles dynamiques.\u00a0<\/span><\/p><p><span style=\"text-indent: 0em;\">C\u2019est sur ces atouts que d\u2019\u00c9couves Verte, au fil des ann\u00e9es, a forg\u00e9 son <a href=\"https:\/\/www.decouvesverte.fr\/index.php\/notre-projet-educatif\/\">projet\u00a0\u00e9ducatif<\/a> et donc associatif.<\/span><\/p><h4>A) 1992 Fontenai les Louvets<\/h4><p>\u00c0 l\u2019origine, l\u2019association est n\u00e9e sous l\u2019impulsion d\u2019habitant\u2022es, d\u2019\u00e9lu\u2022es et d\u2019une charte intercommunale de d\u00e9veloppement du canton de Carrouges en 1992.\u00a0<\/p><p>\u00c0 sa naissance, la mission premi\u00e8re de l\u2019association \u00e9tait de d\u00e9velopper l\u2019attractivit\u00e9 du territoire. Et ce par le biais d\u2019activit\u00e9s sportives telles que la randonn\u00e9e et le VTT, la mise en valeur des ressources, l\u2019accueil et d\u2019animations. Le projet in fine \u00e9tait donc de mettre en \u0153uvre un programme d\u2019am\u00e9nagements et d\u2019animations pour le territoire et ses habitants. L\u2019implication \u00e9tait collective : d\u2019une part les communes et les \u00e9lus en se questionnant sur quelles ressources locales peut-on valoriser. D\u2019autre part les habitants, en les questionnant sur leurs besoins, leurs envies, leurs attentes, leurs motivations, leurs savoir-faire \u00e0 valoriser.\u00a0<\/p><h4>B) 1993-1998<\/h4><p>C\u2019est en 1993 qu\u2019un premier poste salari\u00e9 \u00e0 mi-temps voit le jour. Et ce pour r\u00e9pondre aux nombreuses missions de l\u2019association. Durant cette p\u00e9riode de 5 ans, l\u2019impact sur le territoire s\u2019est illustr\u00e9 de plusieurs mani\u00e8res. En voici des exemples :\u00a0<\/p><p>&#8211; la cr\u00e9ation du r\u00e9seau de sentiers reliant les communes<\/p><p>&#8211; l\u2019inventaire et la r\u00e9habilitation du petit patrimoine communal<\/p><p>&#8211; des chantiers partag\u00e9s de d\u00e9broussaillage et viabilisation des chemins<\/p><p>&#8211; la r\u00e9alisation commune de topoguides et de balisage<\/p><p>&#8211; des\u00a0 animations classes vertes \u00e0 la ferme de Ste Yvi\u00e8re<\/p><p>&#8211; des animations VTT au coll\u00e8ge de Carrouges\u00a0<\/p><p>Ces projets de territoire vont naturellement avoir des impacts sur les habitant\u2022es. Ils et elles vont se r\u00e9unir autour de certaines actions comme : la r\u00e9alisation partag\u00e9e des topoguides et du balisage, des chantiers partag\u00e9s de r\u00e9habilitation du petit patrimoine communal, des chantiers partag\u00e9s de d\u00e9broussaillage et viabilisation des chemins ou encore la cr\u00e9ation du programme de randonn\u00e9es tous publics. Avec cela, on observera une implication des agriculteurs dans la gestion des chemins et l\u2019accueil de publics. Les habitant\u2022es vont aussi se f\u00e9d\u00e9rer autour de soir\u00e9es festives, d\u2019animations jeunesse, de sports de pleine nature, de s\u00e9jours vacances, de chantiers de jeunes.<\/p><p>Sur ces 5 ann\u00e9es, l\u2019association aura connu de grands projets de structuration de la vie associative et surtout une \u00e9mergence d\u2019une jeunesse rurale dynamique. En 1998, afin de pouvoir encore mieux r\u00e9pondre aux attentes des habitant\u2022es et du territoire, deux postes d\u2019animation vont \u00eatre cr\u00e9\u00e9s.\u00a0<\/p><h4>C) 1998-2014<\/h4><p>Sur ces 6 ann\u00e9es, l\u2019association ouvre trois postes salari\u00e9s ainsi que l\u2019accueil de jeunes en service civique. Les projets s\u2019\u00e9toffent. Sur le territoire, d\u2019Ecouves Verte s\u2019implique dans la conception du projet de Centre de Ressources et d\u2019Initiatives Locales (CRIL) Port\u00e9 par la communaut\u00e9 de communes de La Vall\u00e9e du Sarthon. L\u2019id\u00e9e \u00e9tait de rassembler sur un m\u00eame lieu les diff\u00e9rentes associations du territoire. L\u2019association int\u00e8gre la structure en 2009 jusqu\u2019en 2015.<\/p><p>Sur l\u2019animation locale, d\u2019Ecouves Verte continue \u00e0 proposer un programme de randonn\u00e9es tous publics avec des s\u00e9jours randonn\u00e9e pendant les vacances. Les soir\u00e9es festives, les chantiers patrimoine continuent. Des voyages\/rencontres\/\u00e9changes\u00a0 interculturels se mettent en place. Les b\u00e9n\u00e9voles s\u2019impliquent dans la dynamique jeunesse, la notion d\u2019interg\u00e9n\u00e9ration devient primordial dans une optique de transmission. Puis l\u2019association s\u2019implique aussi dans l\u2019accueil des jeunes \u00e9trangers.<\/p><p>En plus de l\u2019animation locale, mais qui est toutefois un axe compl\u00e9mentaire, d\u2019Ecouves Verte m\u00e8ne une dynamique jeunesse en direction du public adolescent et jeunes adultes. Cela passe par des activit\u00e9s de loisirs, des s\u00e9jours vacances, des \u00e9changes\/chantiers internationaux. Ainsi que par l\u2019accompagnement de projets de jeunes, les formations et les cr\u00e9ations d\u2019emploi.<\/p><p>Enfin, en parall\u00e8le de tous ses projets, l\u2019association va s\u2019impliquer \u00e9norm\u00e9ment dans un troisi\u00e8me volet : la formation et la transmission. Et ce sur des sujets comme la dimension internationale de l\u2019action d\u2019animation (Formations internationales Programme jeunesse europ\u00e9en Erasmus +, interventions \u00e0 Musique Exp\u00e9rience), la dimension \u00e9ducative des activit\u00e9s sportives (Interventions aupr\u00e8s des organismes de formation r\u00e9gionaux\u00a0 : CEMEA , Musique Exp\u00e9rience) et la dimension de l\u2019animation jeunesse par\u00a0 accompagnement de projets jeunes.<\/p><p dir=\"ltr\" style=\"line-height: 1.38; margin-top: 0pt; margin-bottom: 0pt;\">\u00a0<\/p>\t\t\t\t\t\t\t\t<\/div>\n\t\t\t\t<\/div>\n\t\t\t\t\t<\/div>\n\t\t<\/div>\n\t\t\t\t\t<\/div>\n\t\t<\/section>\n\t\t\t\t<section class=\"elementor-section elementor-top-section elementor-element elementor-element-97c2c2d elementor-section-boxed elementor-section-height-default elementor-section-height-default\" data-id=\"97c2c2d\" data-element_type=\"section\" data-e-type=\"section\">\n\t\t\t\t\t\t<div class=\"elementor-container elementor-column-gap-default\">\n\t\t\t\t\t<div class=\"elementor-column elementor-col-100 elementor-top-column elementor-element elementor-element-df7fe68\" data-id=\"df7fe68\" data-element_type=\"column\" data-e-type=\"column\">\n\t\t\t<div class=\"elementor-widget-wrap elementor-element-populated\">\n\t\t\t\t\t\t<div class=\"elementor-element elementor-element-c7f5a11 elementor-widget elementor-widget-text-editor\" data-id=\"c7f5a11\" data-element_type=\"widget\" data-e-type=\"widget\" data-widget_type=\"text-editor.default\">\n\t\t\t\t<div class=\"elementor-widget-container\">\n\t\t\t\t\t\t\t\t\t<h4 style=\"font-style: normal; font-variant-ligatures: normal; font-variant-caps: normal; text-align: justify;\">D) 2014-2023<\/h4><p style=\"font-style: normal; font-variant-ligatures: normal; font-variant-caps: normal; font-weight: 400; font-size: 20px; font-family: Roboto, sans-serif; text-indent: 0px; color: #000000; text-align: justify;\">Tout au long de son histoire, l\u2019animation locale, la jeunesse et la formation sont les grands th\u00e8mes de projets men\u00e9s.\u00a0<\/p><p style=\"font-style: normal; font-variant-ligatures: normal; font-variant-caps: normal; font-weight: 400; font-size: 20px; font-family: Roboto, sans-serif; text-indent: 0px; color: #000000; text-align: justify;\">Mais vont se rajouter au gr\u00e9 des rencontres, partenariats&#8230; des projets autour de la sant\u00e9, du sport, du d\u00e9veloppement durable, de la culture&#8230; Le tout, toujours \u00e0 l\u2019\u00e9coute des besoins des habitants et diff\u00e9rents acteurs du territoire.<\/p><p style=\"font-style: normal; font-variant-ligatures: normal; font-variant-caps: normal; font-weight: 400; font-size: 20px; font-family: Roboto, sans-serif; text-indent: 0px; color: #000000; text-align: justify;\"><span style=\"font-family: Roboto, sans-serif; font-size: 20px; font-style: normal; font-variant-ligatures: normal; font-variant-caps: normal; font-weight: 400;\">L\u2019association a suivi un accompagnement DLA afin d\u2019avoir un plan de d\u00e9veloppement pluriannuel. C\u2019est ainsi qu\u2019un poste de coordo jeunesse et \u00e9ducateur\u2022trice sportive ont \u00e9t\u00e9 cr\u00e9\u00e9\u2022es.<\/span><\/p><p style=\"font-style: normal; font-variant-ligatures: normal; font-variant-caps: normal; font-weight: 400; font-size: 20px; font-family: Roboto, sans-serif; text-indent: 0px; color: #000000; text-align: justify;\"><span style=\"font-family: Roboto, sans-serif; font-size: 20px; font-style: normal; font-variant-ligatures: normal; font-variant-caps: normal; font-weight: 400;\">L&rsquo;\u00e9quipe salari\u00e9e a beaucoup \u00e9volu\u00e9 au cours de l&rsquo;histoire de D&rsquo;Ecouves Verte.\u00a0<\/span><\/p><p style=\"font-style: normal; font-variant-ligatures: normal; font-variant-caps: normal; font-weight: 400; font-size: 20px; font-family: Roboto, sans-serif; text-indent: 0px; color: #000000; text-align: justify;\"><span style=\"font-family: Roboto, sans-serif; font-size: 20px; font-style: normal; font-variant-ligatures: normal; font-variant-caps: normal; font-weight: 400;\">ECV a \u00e9t\u00e9 con\u00e7ue pour \u00eatre vectrice de dynamisme : faire bouger le territoire, les jeunes, les moins jeunes et \u00e9galement offrir des opportunit\u00e9s de travail \u00e0 celles et ceux qui en ont besoin.<\/span><\/p><p style=\"font-style: normal; font-variant-ligatures: normal; font-variant-caps: normal; font-weight: 400; font-size: 20px; font-family: Roboto, sans-serif; text-indent: 0px; color: #000000; text-align: justify;\"><span style=\"font-family: Roboto, sans-serif; font-size: 20px; font-style: normal; font-variant-ligatures: normal; font-variant-caps: normal; font-weight: 400;\">D&rsquo;Ecouves Verte, c&rsquo;est un tremplin vers l&rsquo;horizon.<\/span><\/p>\t\t\t\t\t\t\t\t<\/div>\n\t\t\t\t<\/div>\n\t\t\t\t\t<\/div>\n\t\t<\/div>\n\t\t\t\t\t<\/div>\n\t\t<\/section>\n\t\t\t\t<section class=\"elementor-section elementor-top-section elementor-element elementor-element-de00d1a elementor-section-boxed elementor-section-height-default elementor-section-height-default\" data-id=\"de00d1a\" data-element_type=\"section\" data-e-type=\"section\">\n\t\t\t\t\t\t<div class=\"elementor-container elementor-column-gap-default\">\n\t\t\t\t\t<div class=\"elementor-column elementor-col-100 elementor-top-column elementor-element elementor-element-09220d2\" data-id=\"09220d2\" data-element_type=\"column\" data-e-type=\"column\">\n\t\t\t<div class=\"elementor-widget-wrap elementor-element-populated\">\n\t\t\t\t\t\t<div class=\"elementor-element elementor-element-96dbedd elementor-widget elementor-widget-text-editor\" data-id=\"96dbedd\" data-element_type=\"widget\" data-e-type=\"widget\" data-widget_type=\"text-editor.default\">\n\t\t\t\t<div class=\"elementor-widget-container\">\n\t\t\t\t\t\t\t\t\t<h4 style=\"font-style: normal; font-variant-ligatures: normal; font-variant-caps: normal; text-align: justify;\">E) Aujourd&rsquo;hui\u00a0<\/h4><p style=\"font-style: normal; font-variant-ligatures: normal; font-variant-caps: normal; font-weight: 400; font-size: 20px; font-family: Roboto, sans-serif; text-indent: 0px; color: #000000; text-align: justify;\">Les bureaux actuels de l&rsquo;associations sont situ\u00e9s dans l&rsquo;ancienne mairie de Fontenai, sur la d\u00e9sormais commune de L&rsquo;Or\u00e9e D&rsquo;Ecouves.\u00a0<\/p><p style=\"font-style: normal; font-variant-ligatures: normal; font-variant-caps: normal; font-weight: 400; font-size: 20px; font-family: Roboto, sans-serif; text-indent: 0px; color: #000000; text-align: justify;\">Les deux salari\u00e9es, Bertille et Margaux, occupent deux postes \u00e0 temps pleins. De mars \u00e0 septembre 2024, Elise est accueillie en Service Civique.<\/p><p style=\"font-style: normal; font-variant-ligatures: normal; font-variant-caps: normal; font-weight: 400; font-size: 20px; font-family: Roboto, sans-serif; text-indent: 0px; color: #000000; text-align: justify;\">Les projets sont toujours orient\u00e9s vers la m\u00eame direction : l&rsquo;animation locale d&rsquo;un territoire rural, l&rsquo;ouverture \u00e0 l&rsquo;international et la jeunesse.<\/p><p style=\"font-style: normal; font-variant-ligatures: normal; font-variant-caps: normal; font-weight: 400; font-size: 20px; font-family: Roboto, sans-serif; text-indent: 0px; color: #000000; text-align: justify;\">Longue Vie \u00e0 D&rsquo;Ecouves Verte !<\/p>\t\t\t\t\t\t\t\t<\/div>\n\t\t\t\t<\/div>\n\t\t\t\t\t<\/div>\n\t\t<\/div>\n\t\t\t\t\t<\/div>\n\t\t<\/section>\n\t\t\t\t<section class=\"elementor-section elementor-top-section elementor-element elementor-element-4c73139 elementor-section-boxed elementor-section-height-default elementor-section-height-default\" data-id=\"4c73139\" data-element_type=\"section\" data-e-type=\"section\">\n\t\t\t\t\t\t<div class=\"elementor-container elementor-column-gap-default\">\n\t\t\t\t\t<div class=\"elementor-column elementor-col-100 elementor-top-column elementor-element elementor-element-8481046\" data-id=\"8481046\" data-element_type=\"column\" data-e-type=\"column\">\n\t\t\t<div class=\"elementor-widget-wrap elementor-element-populated\">\n\t\t\t\t\t\t<div class=\"elementor-element elementor-element-7fee3ea elementor-widget elementor-widget-image\" data-id=\"7fee3ea\" data-element_type=\"widget\" data-e-type=\"widget\" data-widget_type=\"image.default\">\n\t\t\t\t<div class=\"elementor-widget-container\">\n\t\t\t\t\t\t\t\t\t\t\t\t\t\t\t<img fetchpriority=\"high\" decoding=\"async\" width=\"777\" height=\"764\" src=\"https:\/\/www.decouvesverte.fr\/wp-content\/uploads\/2024\/03\/PdP-Insta.png\" class=\"attachment-large size-large wp-image-1870\" alt=\"\" srcset=\"https:\/\/www.decouvesverte.fr\/wp-content\/uploads\/2024\/03\/PdP-Insta.png 789w, https:\/\/www.decouvesverte.fr\/wp-content\/uploads\/2024\/03\/PdP-Insta-300x295.png 300w, https:\/\/www.decouvesverte.fr\/wp-content\/uploads\/2024\/03\/PdP-Insta-768x755.png 768w, https:\/\/www.decouvesverte.fr\/wp-content\/uploads\/2024\/03\/PdP-Insta-305x300.png 305w\" sizes=\"(max-width: 777px) 100vw, 777px\" \/>\t\t\t\t\t\t\t\t\t\t\t\t\t\t\t<\/div>\n\t\t\t\t<\/div>\n\t\t\t\t\t<\/div>\n\t\t<\/div>\n\t\t\t\t\t<\/div>\n\t\t<\/section>\n\t\t\t\t<\/div>\n\t\t","protected":false},"excerpt":{"rendered":"<p>En 1992 D&rsquo;Ecouves Verte est n\u00e9e ! Octobre 1992, \u00e0 Fontenai les Louvets, sous l&rsquo;impulsion de Georges Penelon qui a su f\u00e9d\u00e9rer autour de lui &hellip;<\/p>\n","protected":false},"author":2,"featured_media":386,"parent":0,"menu_order":0,"comment_status":"closed","ping_status":"closed","template":"","meta":{"footnotes":""},"class_list":["post-316","page","type-page","status-publish","has-post-thumbnail","hentry"],"yoast_head":"<!-- This site is optimized with the Yoast SEO plugin v27.4 - https:\/\/yoast.com\/product\/yoast-seo-wordpress\/ -->\n<title>Notre Histoire -<\/title>\n<meta name=\"robots\" content=\"index, follow, max-snippet:-1, max-image-preview:large, max-video-preview:-1\" \/>\n<link rel=\"canonical\" href=\"https:\/\/www.decouvesverte.fr\/index.php\/notre-histoire\/\" \/>\n<meta property=\"og:locale\" content=\"fr_FR\" \/>\n<meta property=\"og:type\" content=\"article\" \/>\n<meta property=\"og:title\" content=\"Notre Histoire -\" \/>\n<meta property=\"og:description\" content=\"En 1992 D&rsquo;Ecouves Verte est n\u00e9e ! Octobre 1992, \u00e0 Fontenai les Louvets, sous l&rsquo;impulsion de Georges Penelon qui a su f\u00e9d\u00e9rer autour de lui &hellip;\" \/>\n<meta property=\"og:url\" content=\"https:\/\/www.decouvesverte.fr\/index.php\/notre-histoire\/\" \/>\n<meta property=\"article:modified_time\" content=\"2024-03-18T14:52:53+00:00\" \/>\n<meta property=\"og:image\" content=\"https:\/\/www.decouvesverte.fr\/wp-content\/uploads\/2021\/11\/20211105143431-scaled.jpg\" \/>\n\t<meta property=\"og:image:width\" content=\"2560\" \/>\n\t<meta property=\"og:image:height\" content=\"1920\" \/>\n\t<meta property=\"og:image:type\" content=\"image\/jpeg\" \/>\n<meta name=\"twitter:card\" content=\"summary_large_image\" \/>\n<meta name=\"twitter:label1\" content=\"Dur\u00e9e de lecture estim\u00e9e\" \/>\n\t<meta name=\"twitter:data1\" content=\"6 minutes\" \/>\n<script type=\"application\/ld+json\" class=\"yoast-schema-graph\">{\"@context\":\"https:\\\/\\\/schema.org\",\"@graph\":[{\"@type\":\"WebPage\",\"@id\":\"https:\\\/\\\/www.decouvesverte.fr\\\/index.php\\\/notre-histoire\\\/\",\"url\":\"https:\\\/\\\/www.decouvesverte.fr\\\/index.php\\\/notre-histoire\\\/\",\"name\":\"Notre Histoire -\",\"isPartOf\":{\"@id\":\"https:\\\/\\\/www.decouvesverte.fr\\\/#website\"},\"primaryImageOfPage\":{\"@id\":\"https:\\\/\\\/www.decouvesverte.fr\\\/index.php\\\/notre-histoire\\\/#primaryimage\"},\"image\":{\"@id\":\"https:\\\/\\\/www.decouvesverte.fr\\\/index.php\\\/notre-histoire\\\/#primaryimage\"},\"thumbnailUrl\":\"https:\\\/\\\/www.decouvesverte.fr\\\/wp-content\\\/uploads\\\/2021\\\/11\\\/20211105143431-scaled.jpg\",\"datePublished\":\"2021-11-24T09:31:17+00:00\",\"dateModified\":\"2024-03-18T14:52:53+00:00\",\"breadcrumb\":{\"@id\":\"https:\\\/\\\/www.decouvesverte.fr\\\/index.php\\\/notre-histoire\\\/#breadcrumb\"},\"inLanguage\":\"fr-FR\",\"potentialAction\":[{\"@type\":\"ReadAction\",\"target\":[\"https:\\\/\\\/www.decouvesverte.fr\\\/index.php\\\/notre-histoire\\\/\"]}]},{\"@type\":\"ImageObject\",\"inLanguage\":\"fr-FR\",\"@id\":\"https:\\\/\\\/www.decouvesverte.fr\\\/index.php\\\/notre-histoire\\\/#primaryimage\",\"url\":\"https:\\\/\\\/www.decouvesverte.fr\\\/wp-content\\\/uploads\\\/2021\\\/11\\\/20211105143431-scaled.jpg\",\"contentUrl\":\"https:\\\/\\\/www.decouvesverte.fr\\\/wp-content\\\/uploads\\\/2021\\\/11\\\/20211105143431-scaled.jpg\",\"width\":2560,\"height\":1920},{\"@type\":\"BreadcrumbList\",\"@id\":\"https:\\\/\\\/www.decouvesverte.fr\\\/index.php\\\/notre-histoire\\\/#breadcrumb\",\"itemListElement\":[{\"@type\":\"ListItem\",\"position\":1,\"name\":\"Accueil\",\"item\":\"https:\\\/\\\/www.decouvesverte.fr\\\/\"},{\"@type\":\"ListItem\",\"position\":2,\"name\":\"Notre Histoire\"}]},{\"@type\":\"WebSite\",\"@id\":\"https:\\\/\\\/www.decouvesverte.fr\\\/#website\",\"url\":\"https:\\\/\\\/www.decouvesverte.fr\\\/\",\"name\":\"\",\"description\":\"On m\u00e9lange rencontres, \u00e9changes et partage !\",\"potentialAction\":[{\"@type\":\"SearchAction\",\"target\":{\"@type\":\"EntryPoint\",\"urlTemplate\":\"https:\\\/\\\/www.decouvesverte.fr\\\/?s={search_term_string}\"},\"query-input\":{\"@type\":\"PropertyValueSpecification\",\"valueRequired\":true,\"valueName\":\"search_term_string\"}}],\"inLanguage\":\"fr-FR\"}]}<\/script>\n<!-- \/ Yoast SEO plugin. -->","yoast_head_json":{"title":"Notre Histoire -","robots":{"index":"index","follow":"follow","max-snippet":"max-snippet:-1","max-image-preview":"max-image-preview:large","max-video-preview":"max-video-preview:-1"},"canonical":"https:\/\/www.decouvesverte.fr\/index.php\/notre-histoire\/","og_locale":"fr_FR","og_type":"article","og_title":"Notre Histoire -","og_description":"En 1992 D&rsquo;Ecouves Verte est n\u00e9e ! Octobre 1992, \u00e0 Fontenai les Louvets, sous l&rsquo;impulsion de Georges Penelon qui a su f\u00e9d\u00e9rer autour de lui &hellip;","og_url":"https:\/\/www.decouvesverte.fr\/index.php\/notre-histoire\/","article_modified_time":"2024-03-18T14:52:53+00:00","og_image":[{"width":2560,"height":1920,"url":"https:\/\/www.decouvesverte.fr\/wp-content\/uploads\/2021\/11\/20211105143431-scaled.jpg","type":"image\/jpeg"}],"twitter_card":"summary_large_image","twitter_misc":{"Dur\u00e9e de lecture estim\u00e9e":"6 minutes"},"schema":{"@context":"https:\/\/schema.org","@graph":[{"@type":"WebPage","@id":"https:\/\/www.decouvesverte.fr\/index.php\/notre-histoire\/","url":"https:\/\/www.decouvesverte.fr\/index.php\/notre-histoire\/","name":"Notre Histoire -","isPartOf":{"@id":"https:\/\/www.decouvesverte.fr\/#website"},"primaryImageOfPage":{"@id":"https:\/\/www.decouvesverte.fr\/index.php\/notre-histoire\/#primaryimage"},"image":{"@id":"https:\/\/www.decouvesverte.fr\/index.php\/notre-histoire\/#primaryimage"},"thumbnailUrl":"https:\/\/www.decouvesverte.fr\/wp-content\/uploads\/2021\/11\/20211105143431-scaled.jpg","datePublished":"2021-11-24T09:31:17+00:00","dateModified":"2024-03-18T14:52:53+00:00","breadcrumb":{"@id":"https:\/\/www.decouvesverte.fr\/index.php\/notre-histoire\/#breadcrumb"},"inLanguage":"fr-FR","potentialAction":[{"@type":"ReadAction","target":["https:\/\/www.decouvesverte.fr\/index.php\/notre-histoire\/"]}]},{"@type":"ImageObject","inLanguage":"fr-FR","@id":"https:\/\/www.decouvesverte.fr\/index.php\/notre-histoire\/#primaryimage","url":"https:\/\/www.decouvesverte.fr\/wp-content\/uploads\/2021\/11\/20211105143431-scaled.jpg","contentUrl":"https:\/\/www.decouvesverte.fr\/wp-content\/uploads\/2021\/11\/20211105143431-scaled.jpg","width":2560,"height":1920},{"@type":"BreadcrumbList","@id":"https:\/\/www.decouvesverte.fr\/index.php\/notre-histoire\/#breadcrumb","itemListElement":[{"@type":"ListItem","position":1,"name":"Accueil","item":"https:\/\/www.decouvesverte.fr\/"},{"@type":"ListItem","position":2,"name":"Notre Histoire"}]},{"@type":"WebSite","@id":"https:\/\/www.decouvesverte.fr\/#website","url":"https:\/\/www.decouvesverte.fr\/","name":"","description":"On m\u00e9lange rencontres, \u00e9changes et partage !","potentialAction":[{"@type":"SearchAction","target":{"@type":"EntryPoint","urlTemplate":"https:\/\/www.decouvesverte.fr\/?s={search_term_string}"},"query-input":{"@type":"PropertyValueSpecification","valueRequired":true,"valueName":"search_term_string"}}],"inLanguage":"fr-FR"}]}},"_links":{"self":[{"href":"https:\/\/www.decouvesverte.fr\/index.php\/wp-json\/wp\/v2\/pages\/316","targetHints":{"allow":["GET"]}}],"collection":[{"href":"https:\/\/www.decouvesverte.fr\/index.php\/wp-json\/wp\/v2\/pages"}],"about":[{"href":"https:\/\/www.decouvesverte.fr\/index.php\/wp-json\/wp\/v2\/types\/page"}],"author":[{"embeddable":true,"href":"https:\/\/www.decouvesverte.fr\/index.php\/wp-json\/wp\/v2\/users\/2"}],"replies":[{"embeddable":true,"href":"https:\/\/www.decouvesverte.fr\/index.php\/wp-json\/wp\/v2\/comments?post=316"}],"version-history":[{"count":32,"href":"https:\/\/www.decouvesverte.fr\/index.php\/wp-json\/wp\/v2\/pages\/316\/revisions"}],"predecessor-version":[{"id":1936,"href":"https:\/\/www.decouvesverte.fr\/index.php\/wp-json\/wp\/v2\/pages\/316\/revisions\/1936"}],"wp:featuredmedia":[{"embeddable":true,"href":"https:\/\/www.decouvesverte.fr\/index.php\/wp-json\/wp\/v2\/media\/386"}],"wp:attachment":[{"href":"https:\/\/www.decouvesverte.fr\/index.php\/wp-json\/wp\/v2\/media?parent=316"}],"curies":[{"name":"wp","href":"https:\/\/api.w.org\/{rel}","templated":true}]}}