{"id":312,"date":"2021-11-24T10:30:32","date_gmt":"2021-11-24T09:30:32","guid":{"rendered":"https:\/\/wordpress.decouvesverte.fr\/?page_id=312"},"modified":"2024-03-19T15:52:18","modified_gmt":"2024-03-19T14:52:18","slug":"developpement-durable","status":"publish","type":"page","link":"https:\/\/www.decouvesverte.fr\/index.php\/developpement-durable\/","title":{"rendered":"D\u00e9veloppement durable"},"content":{"rendered":"\t\t<div data-elementor-type=\"wp-page\" data-elementor-id=\"312\" class=\"elementor elementor-312\">\n\t\t\t\t\t\t<section class=\"elementor-section elementor-top-section elementor-element elementor-element-3c5ed88 elementor-section-boxed elementor-section-height-default elementor-section-height-default\" data-id=\"3c5ed88\" data-element_type=\"section\" data-e-type=\"section\">\n\t\t\t\t\t\t<div class=\"elementor-container elementor-column-gap-default\">\n\t\t\t\t\t<div class=\"elementor-column elementor-col-100 elementor-top-column elementor-element elementor-element-9d8a8e7\" data-id=\"9d8a8e7\" data-element_type=\"column\" data-e-type=\"column\">\n\t\t\t<div class=\"elementor-widget-wrap elementor-element-populated\">\n\t\t\t\t\t\t<div class=\"elementor-element elementor-element-9b01978 elementor-widget elementor-widget-heading\" data-id=\"9b01978\" data-element_type=\"widget\" data-e-type=\"widget\" data-widget_type=\"heading.default\">\n\t\t\t\t<div class=\"elementor-widget-container\">\n\t\t\t\t\t<h2 class=\"elementor-heading-title elementor-size-default\">Agir ensemble pour aujourd'hui et demain<\/h2>\t\t\t\t<\/div>\n\t\t\t\t<\/div>\n\t\t\t\t\t<\/div>\n\t\t<\/div>\n\t\t\t\t\t<\/div>\n\t\t<\/section>\n\t\t\t\t<section class=\"elementor-section elementor-top-section elementor-element elementor-element-0fe7fc0 elementor-section-boxed elementor-section-height-default elementor-section-height-default\" data-id=\"0fe7fc0\" data-element_type=\"section\" data-e-type=\"section\">\n\t\t\t\t\t\t<div class=\"elementor-container elementor-column-gap-default\">\n\t\t\t\t\t<div class=\"elementor-column elementor-col-100 elementor-top-column elementor-element elementor-element-5ab01f9\" data-id=\"5ab01f9\" data-element_type=\"column\" data-e-type=\"column\">\n\t\t\t<div class=\"elementor-widget-wrap elementor-element-populated\">\n\t\t\t\t\t\t<div class=\"elementor-element elementor-element-34d1047 elementor-widget elementor-widget-text-editor\" data-id=\"34d1047\" data-element_type=\"widget\" data-e-type=\"widget\" data-widget_type=\"text-editor.default\">\n\t\t\t\t<div class=\"elementor-widget-container\">\n\t\t\t\t\t\t\t\t\t<p>Le D\u00e9veloppement Durable, c&rsquo;est le fait d&rsquo;agir de mani\u00e8re responsable dans son quotidien afin de respecter l&rsquo;environnement qui nous entoure. Nous, humains, faisons partie int\u00e9grante de la Nature. Il n&rsquo;y a pas d&rsquo;un c\u00f4t\u00e9 les arbres et les animaux, et de l&rsquo;autre c\u00f4t\u00e9, nous. Non. Nous ne sommes pas capables de fournir notre propre oxyg\u00e8ne, nous d\u00e9pendons absolument de ce qui nous entoure.\u00a0<\/p>\n<p>En prot\u00e9geant notre environnement, on se prot\u00e8ge nous m\u00eame (et les g\u00e9n\u00e9rations futures par la m\u00eame occasion).<\/p>\n<p>Agir responsablement, c&rsquo;est oeuvrer au quotidien par des petites actions : recycler ses d\u00e9chets, utiliser des moyens de transports collectifs ou non polluants si possible, acheter de la seconde main, consommer bio et local d\u00e8s que possible.. Bref, on fait de son mieux, et c&rsquo;est d\u00e9j\u00e0 bien !<\/p>\n<p>\u00c0 D&rsquo;Ecouves Verte, on essaye d&rsquo;agir de mani\u00e8re responsable au mieux par des petites actions \u00e0 notre port\u00e9e telles que :\u00a0<\/p>\n<p>-Proposer des repas annuels \u00e0 base de produits locaux et bios ;<\/p>\n<p>-Limiter le gaspillage alimentaire en r\u00e9duisant nos quantit\u00e9s ;<\/p>\n<p>-Trier nos d\u00e9chets ;<\/p>\n<p>-Valoriser les anciens papiers en papiers de brouillon ;\u00a0<\/p>\n<p>-Composter les d\u00e9chets alimentaires ;<\/p>\n<p>-N&rsquo;imprimer que ce qui est n\u00e9cessaire ;\u00a0<\/p>\n<p>&#8230;\u00a0<\/p>\n<p>Bref, des petites actions au quotidien, qui peuvent faire une grosse diff\u00e9rence pour notre futur.<\/p>\n<p>\u00a0<\/p>\t\t\t\t\t\t\t\t<\/div>\n\t\t\t\t<\/div>\n\t\t\t\t\t<\/div>\n\t\t<\/div>\n\t\t\t\t\t<\/div>\n\t\t<\/section>\n\t\t\t\t<section class=\"elementor-section elementor-top-section elementor-element elementor-element-5c94862 elementor-section-boxed elementor-section-height-default elementor-section-height-default\" data-id=\"5c94862\" data-element_type=\"section\" data-e-type=\"section\">\n\t\t\t\t\t\t<div class=\"elementor-container elementor-column-gap-default\">\n\t\t\t\t\t<div class=\"elementor-column elementor-col-100 elementor-top-column elementor-element elementor-element-695b4ce\" data-id=\"695b4ce\" data-element_type=\"column\" data-e-type=\"column\">\n\t\t\t<div class=\"elementor-widget-wrap elementor-element-populated\">\n\t\t\t\t\t\t<div class=\"elementor-element elementor-element-5c77eed elementor-widget elementor-widget-heading\" data-id=\"5c77eed\" data-element_type=\"widget\" data-e-type=\"widget\" data-widget_type=\"heading.default\">\n\t\t\t\t<div class=\"elementor-widget-container\">\n\t\t\t\t\t<h2 class=\"elementor-heading-title elementor-size-default\">Des actions cibl\u00e9es <\/h2>\t\t\t\t<\/div>\n\t\t\t\t<\/div>\n\t\t\t\t\t<\/div>\n\t\t<\/div>\n\t\t\t\t\t<\/div>\n\t\t<\/section>\n\t\t\t\t<section class=\"elementor-section elementor-top-section elementor-element elementor-element-ae991b5 elementor-section-boxed elementor-section-height-default elementor-section-height-default\" data-id=\"ae991b5\" data-element_type=\"section\" data-e-type=\"section\">\n\t\t\t\t\t\t<div class=\"elementor-container elementor-column-gap-default\">\n\t\t\t\t\t<div class=\"elementor-column elementor-col-100 elementor-top-column elementor-element elementor-element-d60a964\" data-id=\"d60a964\" data-element_type=\"column\" data-e-type=\"column\">\n\t\t\t<div class=\"elementor-widget-wrap elementor-element-populated\">\n\t\t\t\t\t\t<div class=\"elementor-element elementor-element-b98f9e7 elementor-widget elementor-widget-text-editor\" data-id=\"b98f9e7\" data-element_type=\"widget\" data-e-type=\"widget\" data-widget_type=\"text-editor.default\">\n\t\t\t\t<div class=\"elementor-widget-container\">\n\t\t\t\t\t\t\t\t\t<p>Avec l&rsquo;EVS, nous proposons un projet avec l&rsquo;Ecole du Petit Prince, sur la commune d&rsquo;Ecouves.\u00a0<\/p>\n<p>Dans ce projet, nous effectuons 21 interventions soit 3 par classes de mars \u00e0 mai 2024. L&rsquo;id\u00e9e est de sensibiliser \u00e0 l&rsquo;impact des d\u00e9chets sur la biodiversit\u00e9.\u00a0<\/p>\t\t\t\t\t\t\t\t<\/div>\n\t\t\t\t<\/div>\n\t\t\t\t\t<\/div>\n\t\t<\/div>\n\t\t\t\t\t<\/div>\n\t\t<\/section>\n\t\t\t\t<section class=\"elementor-section elementor-top-section elementor-element elementor-element-4a95bed elementor-section-boxed elementor-section-height-default elementor-section-height-default\" data-id=\"4a95bed\" data-element_type=\"section\" data-e-type=\"section\">\n\t\t\t\t\t\t<div class=\"elementor-container elementor-column-gap-default\">\n\t\t\t\t\t<div class=\"elementor-column elementor-col-100 elementor-top-column elementor-element elementor-element-2e13427\" data-id=\"2e13427\" data-element_type=\"column\" data-e-type=\"column\">\n\t\t\t<div class=\"elementor-widget-wrap elementor-element-populated\">\n\t\t\t\t\t\t<div class=\"elementor-element elementor-element-a12dfe7 elementor-widget elementor-widget-image\" data-id=\"a12dfe7\" data-element_type=\"widget\" data-e-type=\"widget\" data-widget_type=\"image.default\">\n\t\t\t\t<div class=\"elementor-widget-container\">\n\t\t\t\t\t\t\t\t\t\t\t\t\t\t\t<img fetchpriority=\"high\" decoding=\"async\" width=\"724\" height=\"1024\" src=\"https:\/\/www.decouvesverte.fr\/wp-content\/uploads\/2024\/03\/Projet-Dechets-redac-ecole-ecouves_page-0001-724x1024.jpg\" class=\"attachment-large size-large wp-image-1998\" alt=\"\" srcset=\"https:\/\/www.decouvesverte.fr\/wp-content\/uploads\/2024\/03\/Projet-Dechets-redac-ecole-ecouves_page-0001-724x1024.jpg 724w, https:\/\/www.decouvesverte.fr\/wp-content\/uploads\/2024\/03\/Projet-Dechets-redac-ecole-ecouves_page-0001-212x300.jpg 212w, https:\/\/www.decouvesverte.fr\/wp-content\/uploads\/2024\/03\/Projet-Dechets-redac-ecole-ecouves_page-0001-768x1087.jpg 768w, https:\/\/www.decouvesverte.fr\/wp-content\/uploads\/2024\/03\/Projet-Dechets-redac-ecole-ecouves_page-0001-1085x1536.jpg 1085w, https:\/\/www.decouvesverte.fr\/wp-content\/uploads\/2024\/03\/Projet-Dechets-redac-ecole-ecouves_page-0001.jpg 1240w\" sizes=\"(max-width: 724px) 100vw, 724px\" \/>\t\t\t\t\t\t\t\t\t\t\t\t\t\t\t<\/div>\n\t\t\t\t<\/div>\n\t\t\t\t\t<\/div>\n\t\t<\/div>\n\t\t\t\t\t<\/div>\n\t\t<\/section>\n\t\t\t\t<section class=\"elementor-section elementor-top-section elementor-element elementor-element-9359c2e elementor-section-boxed elementor-section-height-default elementor-section-height-default\" data-id=\"9359c2e\" data-element_type=\"section\" data-e-type=\"section\">\n\t\t\t\t\t\t<div class=\"elementor-container elementor-column-gap-default\">\n\t\t\t\t\t<div class=\"elementor-column elementor-col-100 elementor-top-column elementor-element elementor-element-6e74f17\" data-id=\"6e74f17\" data-element_type=\"column\" data-e-type=\"column\">\n\t\t\t<div class=\"elementor-widget-wrap elementor-element-populated\">\n\t\t\t\t\t\t<div class=\"elementor-element elementor-element-26339a3 elementor-widget elementor-widget-image\" data-id=\"26339a3\" data-element_type=\"widget\" data-e-type=\"widget\" data-widget_type=\"image.default\">\n\t\t\t\t<div class=\"elementor-widget-container\">\n\t\t\t\t\t\t\t\t\t\t\t\t\t\t\t<img decoding=\"async\" width=\"724\" height=\"1024\" src=\"https:\/\/www.decouvesverte.fr\/wp-content\/uploads\/2024\/03\/Projet-Dechets-redac-ecole-ecouves_page-0002-724x1024.jpg\" class=\"attachment-large size-large wp-image-1999\" alt=\"\" srcset=\"https:\/\/www.decouvesverte.fr\/wp-content\/uploads\/2024\/03\/Projet-Dechets-redac-ecole-ecouves_page-0002-724x1024.jpg 724w, https:\/\/www.decouvesverte.fr\/wp-content\/uploads\/2024\/03\/Projet-Dechets-redac-ecole-ecouves_page-0002-212x300.jpg 212w, https:\/\/www.decouvesverte.fr\/wp-content\/uploads\/2024\/03\/Projet-Dechets-redac-ecole-ecouves_page-0002-768x1087.jpg 768w, https:\/\/www.decouvesverte.fr\/wp-content\/uploads\/2024\/03\/Projet-Dechets-redac-ecole-ecouves_page-0002-1085x1536.jpg 1085w, https:\/\/www.decouvesverte.fr\/wp-content\/uploads\/2024\/03\/Projet-Dechets-redac-ecole-ecouves_page-0002.jpg 1240w\" sizes=\"(max-width: 724px) 100vw, 724px\" \/>\t\t\t\t\t\t\t\t\t\t\t\t\t\t\t<\/div>\n\t\t\t\t<\/div>\n\t\t\t\t\t<\/div>\n\t\t<\/div>\n\t\t\t\t\t<\/div>\n\t\t<\/section>\n\t\t\t\t<\/div>\n\t\t","protected":false},"excerpt":{"rendered":"<p>Agir ensemble pour aujourd&rsquo;hui et demain Le D\u00e9veloppement Durable, c&rsquo;est le fait d&rsquo;agir de mani\u00e8re responsable dans son quotidien afin de respecter l&rsquo;environnement qui nous &hellip;<\/p>\n","protected":false},"author":2,"featured_media":417,"parent":0,"menu_order":0,"comment_status":"closed","ping_status":"closed","template":"","meta":{"footnotes":""},"class_list":["post-312","page","type-page","status-publish","has-post-thumbnail","hentry"],"yoast_head":"<!-- This site is optimized with the Yoast SEO plugin v27.4 - https:\/\/yoast.com\/product\/yoast-seo-wordpress\/ -->\n<title>D\u00e9veloppement durable -<\/title>\n<meta name=\"robots\" content=\"index, follow, max-snippet:-1, max-image-preview:large, max-video-preview:-1\" \/>\n<link rel=\"canonical\" href=\"https:\/\/www.decouvesverte.fr\/index.php\/developpement-durable\/\" \/>\n<meta property=\"og:locale\" content=\"fr_FR\" \/>\n<meta property=\"og:type\" content=\"article\" \/>\n<meta property=\"og:title\" content=\"D\u00e9veloppement durable -\" \/>\n<meta property=\"og:description\" content=\"Agir ensemble pour aujourd&rsquo;hui et demain Le D\u00e9veloppement Durable, c&rsquo;est le fait d&rsquo;agir de mani\u00e8re responsable dans son quotidien afin de respecter l&rsquo;environnement qui nous &hellip;\" \/>\n<meta property=\"og:url\" content=\"https:\/\/www.decouvesverte.fr\/index.php\/developpement-durable\/\" \/>\n<meta property=\"article:modified_time\" content=\"2024-03-19T14:52:18+00:00\" \/>\n<meta property=\"og:image\" content=\"https:\/\/www.decouvesverte.fr\/wp-content\/uploads\/2021\/11\/WhatsApp-Image-2021-05-05-at-13.54.44.jpeg\" \/>\n\t<meta property=\"og:image:width\" content=\"1600\" \/>\n\t<meta property=\"og:image:height\" content=\"1200\" \/>\n\t<meta property=\"og:image:type\" content=\"image\/jpeg\" \/>\n<meta name=\"twitter:card\" content=\"summary_large_image\" \/>\n<meta name=\"twitter:label1\" content=\"Dur\u00e9e de lecture estim\u00e9e\" \/>\n\t<meta name=\"twitter:data1\" content=\"2 minutes\" \/>\n<script type=\"application\/ld+json\" class=\"yoast-schema-graph\">{\"@context\":\"https:\\\/\\\/schema.org\",\"@graph\":[{\"@type\":\"WebPage\",\"@id\":\"https:\\\/\\\/www.decouvesverte.fr\\\/index.php\\\/developpement-durable\\\/\",\"url\":\"https:\\\/\\\/www.decouvesverte.fr\\\/index.php\\\/developpement-durable\\\/\",\"name\":\"D\u00e9veloppement durable -\",\"isPartOf\":{\"@id\":\"https:\\\/\\\/www.decouvesverte.fr\\\/#website\"},\"primaryImageOfPage\":{\"@id\":\"https:\\\/\\\/www.decouvesverte.fr\\\/index.php\\\/developpement-durable\\\/#primaryimage\"},\"image\":{\"@id\":\"https:\\\/\\\/www.decouvesverte.fr\\\/index.php\\\/developpement-durable\\\/#primaryimage\"},\"thumbnailUrl\":\"https:\\\/\\\/www.decouvesverte.fr\\\/wp-content\\\/uploads\\\/2021\\\/11\\\/WhatsApp-Image-2021-05-05-at-13.54.44.jpeg\",\"datePublished\":\"2021-11-24T09:30:32+00:00\",\"dateModified\":\"2024-03-19T14:52:18+00:00\",\"breadcrumb\":{\"@id\":\"https:\\\/\\\/www.decouvesverte.fr\\\/index.php\\\/developpement-durable\\\/#breadcrumb\"},\"inLanguage\":\"fr-FR\",\"potentialAction\":[{\"@type\":\"ReadAction\",\"target\":[\"https:\\\/\\\/www.decouvesverte.fr\\\/index.php\\\/developpement-durable\\\/\"]}]},{\"@type\":\"ImageObject\",\"inLanguage\":\"fr-FR\",\"@id\":\"https:\\\/\\\/www.decouvesverte.fr\\\/index.php\\\/developpement-durable\\\/#primaryimage\",\"url\":\"https:\\\/\\\/www.decouvesverte.fr\\\/wp-content\\\/uploads\\\/2021\\\/11\\\/WhatsApp-Image-2021-05-05-at-13.54.44.jpeg\",\"contentUrl\":\"https:\\\/\\\/www.decouvesverte.fr\\\/wp-content\\\/uploads\\\/2021\\\/11\\\/WhatsApp-Image-2021-05-05-at-13.54.44.jpeg\",\"width\":1600,\"height\":1200},{\"@type\":\"BreadcrumbList\",\"@id\":\"https:\\\/\\\/www.decouvesverte.fr\\\/index.php\\\/developpement-durable\\\/#breadcrumb\",\"itemListElement\":[{\"@type\":\"ListItem\",\"position\":1,\"name\":\"Accueil\",\"item\":\"https:\\\/\\\/www.decouvesverte.fr\\\/\"},{\"@type\":\"ListItem\",\"position\":2,\"name\":\"D\u00e9veloppement durable\"}]},{\"@type\":\"WebSite\",\"@id\":\"https:\\\/\\\/www.decouvesverte.fr\\\/#website\",\"url\":\"https:\\\/\\\/www.decouvesverte.fr\\\/\",\"name\":\"\",\"description\":\"On m\u00e9lange rencontres, \u00e9changes et partage !\",\"potentialAction\":[{\"@type\":\"SearchAction\",\"target\":{\"@type\":\"EntryPoint\",\"urlTemplate\":\"https:\\\/\\\/www.decouvesverte.fr\\\/?s={search_term_string}\"},\"query-input\":{\"@type\":\"PropertyValueSpecification\",\"valueRequired\":true,\"valueName\":\"search_term_string\"}}],\"inLanguage\":\"fr-FR\"}]}<\/script>\n<!-- \/ Yoast SEO plugin. -->","yoast_head_json":{"title":"D\u00e9veloppement durable -","robots":{"index":"index","follow":"follow","max-snippet":"max-snippet:-1","max-image-preview":"max-image-preview:large","max-video-preview":"max-video-preview:-1"},"canonical":"https:\/\/www.decouvesverte.fr\/index.php\/developpement-durable\/","og_locale":"fr_FR","og_type":"article","og_title":"D\u00e9veloppement durable -","og_description":"Agir ensemble pour aujourd&rsquo;hui et demain Le D\u00e9veloppement Durable, c&rsquo;est le fait d&rsquo;agir de mani\u00e8re responsable dans son quotidien afin de respecter l&rsquo;environnement qui nous &hellip;","og_url":"https:\/\/www.decouvesverte.fr\/index.php\/developpement-durable\/","article_modified_time":"2024-03-19T14:52:18+00:00","og_image":[{"width":1600,"height":1200,"url":"https:\/\/www.decouvesverte.fr\/wp-content\/uploads\/2021\/11\/WhatsApp-Image-2021-05-05-at-13.54.44.jpeg","type":"image\/jpeg"}],"twitter_card":"summary_large_image","twitter_misc":{"Dur\u00e9e de lecture estim\u00e9e":"2 minutes"},"schema":{"@context":"https:\/\/schema.org","@graph":[{"@type":"WebPage","@id":"https:\/\/www.decouvesverte.fr\/index.php\/developpement-durable\/","url":"https:\/\/www.decouvesverte.fr\/index.php\/developpement-durable\/","name":"D\u00e9veloppement durable -","isPartOf":{"@id":"https:\/\/www.decouvesverte.fr\/#website"},"primaryImageOfPage":{"@id":"https:\/\/www.decouvesverte.fr\/index.php\/developpement-durable\/#primaryimage"},"image":{"@id":"https:\/\/www.decouvesverte.fr\/index.php\/developpement-durable\/#primaryimage"},"thumbnailUrl":"https:\/\/www.decouvesverte.fr\/wp-content\/uploads\/2021\/11\/WhatsApp-Image-2021-05-05-at-13.54.44.jpeg","datePublished":"2021-11-24T09:30:32+00:00","dateModified":"2024-03-19T14:52:18+00:00","breadcrumb":{"@id":"https:\/\/www.decouvesverte.fr\/index.php\/developpement-durable\/#breadcrumb"},"inLanguage":"fr-FR","potentialAction":[{"@type":"ReadAction","target":["https:\/\/www.decouvesverte.fr\/index.php\/developpement-durable\/"]}]},{"@type":"ImageObject","inLanguage":"fr-FR","@id":"https:\/\/www.decouvesverte.fr\/index.php\/developpement-durable\/#primaryimage","url":"https:\/\/www.decouvesverte.fr\/wp-content\/uploads\/2021\/11\/WhatsApp-Image-2021-05-05-at-13.54.44.jpeg","contentUrl":"https:\/\/www.decouvesverte.fr\/wp-content\/uploads\/2021\/11\/WhatsApp-Image-2021-05-05-at-13.54.44.jpeg","width":1600,"height":1200},{"@type":"BreadcrumbList","@id":"https:\/\/www.decouvesverte.fr\/index.php\/developpement-durable\/#breadcrumb","itemListElement":[{"@type":"ListItem","position":1,"name":"Accueil","item":"https:\/\/www.decouvesverte.fr\/"},{"@type":"ListItem","position":2,"name":"D\u00e9veloppement durable"}]},{"@type":"WebSite","@id":"https:\/\/www.decouvesverte.fr\/#website","url":"https:\/\/www.decouvesverte.fr\/","name":"","description":"On m\u00e9lange rencontres, \u00e9changes et partage !","potentialAction":[{"@type":"SearchAction","target":{"@type":"EntryPoint","urlTemplate":"https:\/\/www.decouvesverte.fr\/?s={search_term_string}"},"query-input":{"@type":"PropertyValueSpecification","valueRequired":true,"valueName":"search_term_string"}}],"inLanguage":"fr-FR"}]}},"_links":{"self":[{"href":"https:\/\/www.decouvesverte.fr\/index.php\/wp-json\/wp\/v2\/pages\/312","targetHints":{"allow":["GET"]}}],"collection":[{"href":"https:\/\/www.decouvesverte.fr\/index.php\/wp-json\/wp\/v2\/pages"}],"about":[{"href":"https:\/\/www.decouvesverte.fr\/index.php\/wp-json\/wp\/v2\/types\/page"}],"author":[{"embeddable":true,"href":"https:\/\/www.decouvesverte.fr\/index.php\/wp-json\/wp\/v2\/users\/2"}],"replies":[{"embeddable":true,"href":"https:\/\/www.decouvesverte.fr\/index.php\/wp-json\/wp\/v2\/comments?post=312"}],"version-history":[{"count":9,"href":"https:\/\/www.decouvesverte.fr\/index.php\/wp-json\/wp\/v2\/pages\/312\/revisions"}],"predecessor-version":[{"id":2003,"href":"https:\/\/www.decouvesverte.fr\/index.php\/wp-json\/wp\/v2\/pages\/312\/revisions\/2003"}],"wp:featuredmedia":[{"embeddable":true,"href":"https:\/\/www.decouvesverte.fr\/index.php\/wp-json\/wp\/v2\/media\/417"}],"wp:attachment":[{"href":"https:\/\/www.decouvesverte.fr\/index.php\/wp-json\/wp\/v2\/media?parent=312"}],"curies":[{"name":"wp","href":"https:\/\/api.w.org\/{rel}","templated":true}]}}