{"id":308,"date":"2021-11-24T10:29:36","date_gmt":"2021-11-24T09:29:36","guid":{"rendered":"https:\/\/wordpress.decouvesverte.fr\/?page_id=308"},"modified":"2024-08-20T15:07:05","modified_gmt":"2024-08-20T13:07:05","slug":"formation-transmission","status":"publish","type":"page","link":"https:\/\/www.decouvesverte.fr\/index.php\/formation-transmission\/","title":{"rendered":"Formation Transmission"},"content":{"rendered":"\t\t<div data-elementor-type=\"wp-page\" data-elementor-id=\"308\" class=\"elementor elementor-308\">\n\t\t\t\t\t\t<section class=\"elementor-section elementor-top-section elementor-element elementor-element-9f1c714 elementor-section-boxed elementor-section-height-default elementor-section-height-default\" data-id=\"9f1c714\" data-element_type=\"section\" data-e-type=\"section\">\n\t\t\t\t\t\t<div class=\"elementor-container elementor-column-gap-default\">\n\t\t\t\t\t<div class=\"elementor-column elementor-col-100 elementor-top-column elementor-element elementor-element-178de9b\" data-id=\"178de9b\" data-element_type=\"column\" data-e-type=\"column\">\n\t\t\t<div class=\"elementor-widget-wrap elementor-element-populated\">\n\t\t\t\t\t\t<div class=\"elementor-element elementor-element-45848a1 elementor-widget elementor-widget-heading\" data-id=\"45848a1\" data-element_type=\"widget\" data-e-type=\"widget\" data-widget_type=\"heading.default\">\n\t\t\t\t<div class=\"elementor-widget-container\">\n\t\t\t\t\t<h2 class=\"elementor-heading-title elementor-size-default\">Former et se former <\/h2>\t\t\t\t<\/div>\n\t\t\t\t<\/div>\n\t\t\t\t\t<\/div>\n\t\t<\/div>\n\t\t\t\t\t<\/div>\n\t\t<\/section>\n\t\t\t\t<section class=\"elementor-section elementor-top-section elementor-element elementor-element-b111ac9 elementor-section-boxed elementor-section-height-default elementor-section-height-default\" data-id=\"b111ac9\" data-element_type=\"section\" data-e-type=\"section\">\n\t\t\t\t\t\t<div class=\"elementor-container elementor-column-gap-default\">\n\t\t\t\t\t<div class=\"elementor-column elementor-col-100 elementor-top-column elementor-element elementor-element-6d164f3\" data-id=\"6d164f3\" data-element_type=\"column\" data-e-type=\"column\">\n\t\t\t<div class=\"elementor-widget-wrap elementor-element-populated\">\n\t\t\t\t\t\t<div class=\"elementor-element elementor-element-5deca00 elementor-widget elementor-widget-text-editor\" data-id=\"5deca00\" data-element_type=\"widget\" data-e-type=\"widget\" data-widget_type=\"text-editor.default\">\n\t\t\t\t<div class=\"elementor-widget-container\">\n\t\t\t\t\t\t\t\t\t<p>La formation est une des bases de l&rsquo;\u00e9ducation populaire. Nous n&rsquo;en avons jamais fini d&rsquo;apprendre !<\/p><p><br><\/p><p>Notre \u00e9quipe salari\u00e9e suit r\u00e9guli\u00e8rement des formations diverses afin d&rsquo;acqu\u00e9rir de nouvelles comp\u00e9tences. Mais nos ch\u00e8res salari\u00e9es Bertille et Margaux sont \u00e9galement formatrices !&nbsp;<\/p><p>C&rsquo;est au CFPPA de S\u00e9es qu&rsquo;ont lieux les temps de formation aupr\u00e8s du public BPJEPS EEDD (futur\u2022es animateurs et animatrices sp\u00e9cialistes de l&rsquo;environnements!).<\/p><p>Margaux propose une demi journ\u00e9e de formation sur les Mobilit\u00e9s Internationales, tandis que Bertille informe sur l&rsquo;\u00e9conomat (sp\u00e9cifiquement celui du monde associatif).&nbsp;<\/p><p>Nous participons \u00e9galement au dispositif G\u00e9n\u00e9ration Demain, mis en place par le GRAINE, qui consiste \u00e0 aller aupr\u00e8s d&rsquo;\u00e9tablissements scolaires (lyc\u00e9es) pour diffuser un film qui aborde les th\u00e9matiques ODD (Objectifs du D\u00e9veloppement Durable) et proposer d&rsquo;animer un d\u00e9bat suite \u00e0 ce film, et de proposer des ateliers autours des th\u00e8mes abord\u00e9s.<\/p>\t\t\t\t\t\t\t\t<\/div>\n\t\t\t\t<\/div>\n\t\t\t\t\t<\/div>\n\t\t<\/div>\n\t\t\t\t\t<\/div>\n\t\t<\/section>\n\t\t\t\t<section class=\"elementor-section elementor-top-section elementor-element elementor-element-9a9a69b elementor-section-boxed elementor-section-height-default elementor-section-height-default\" data-id=\"9a9a69b\" data-element_type=\"section\" data-e-type=\"section\">\n\t\t\t\t\t\t<div class=\"elementor-container elementor-column-gap-default\">\n\t\t\t\t\t<div class=\"elementor-column elementor-col-100 elementor-top-column elementor-element elementor-element-66323fd\" data-id=\"66323fd\" data-element_type=\"column\" data-e-type=\"column\">\n\t\t\t<div class=\"elementor-widget-wrap elementor-element-populated\">\n\t\t\t\t\t\t<div class=\"elementor-element elementor-element-8a01c77 elementor-widget elementor-widget-image\" data-id=\"8a01c77\" data-element_type=\"widget\" data-e-type=\"widget\" data-widget_type=\"image.default\">\n\t\t\t\t<div class=\"elementor-widget-container\">\n\t\t\t\t\t\t\t\t\t\t\t\t\t\t\t<img fetchpriority=\"high\" decoding=\"async\" width=\"777\" height=\"518\" src=\"https:\/\/www.decouvesverte.fr\/wp-content\/uploads\/2024\/08\/DSC1424-1024x683.jpg\" class=\"attachment-large size-large wp-image-2154\" alt=\"\" srcset=\"https:\/\/www.decouvesverte.fr\/wp-content\/uploads\/2024\/08\/DSC1424-1024x683.jpg 1024w, https:\/\/www.decouvesverte.fr\/wp-content\/uploads\/2024\/08\/DSC1424-300x200.jpg 300w, https:\/\/www.decouvesverte.fr\/wp-content\/uploads\/2024\/08\/DSC1424-768x512.jpg 768w, https:\/\/www.decouvesverte.fr\/wp-content\/uploads\/2024\/08\/DSC1424-1536x1024.jpg 1536w, https:\/\/www.decouvesverte.fr\/wp-content\/uploads\/2024\/08\/DSC1424-2048x1365.jpg 2048w, https:\/\/www.decouvesverte.fr\/wp-content\/uploads\/2024\/08\/DSC1424-431x287.jpg 431w, https:\/\/www.decouvesverte.fr\/wp-content\/uploads\/2024\/08\/DSC1424-1320x880.jpg 1320w\" sizes=\"(max-width: 777px) 100vw, 777px\" \/>\t\t\t\t\t\t\t\t\t\t\t\t\t\t\t<\/div>\n\t\t\t\t<\/div>\n\t\t\t\t\t<\/div>\n\t\t<\/div>\n\t\t\t\t\t<\/div>\n\t\t<\/section>\n\t\t\t\t<\/div>\n\t\t","protected":false},"excerpt":{"rendered":"<p>Former et se former La formation est une des bases de l&rsquo;\u00e9ducation populaire. Nous n&rsquo;en avons jamais fini d&rsquo;apprendre ! Notre \u00e9quipe salari\u00e9e suit r\u00e9guli\u00e8rement &hellip;<\/p>\n","protected":false},"author":2,"featured_media":410,"parent":0,"menu_order":0,"comment_status":"closed","ping_status":"closed","template":"","meta":{"footnotes":""},"class_list":["post-308","page","type-page","status-publish","has-post-thumbnail","hentry"],"yoast_head":"<!-- This site is optimized with the Yoast SEO plugin v27.4 - https:\/\/yoast.com\/product\/yoast-seo-wordpress\/ -->\n<title>Formation Transmission -<\/title>\n<meta name=\"robots\" content=\"index, follow, max-snippet:-1, max-image-preview:large, max-video-preview:-1\" \/>\n<link rel=\"canonical\" href=\"https:\/\/www.decouvesverte.fr\/index.php\/formation-transmission\/\" \/>\n<meta property=\"og:locale\" content=\"fr_FR\" \/>\n<meta property=\"og:type\" content=\"article\" \/>\n<meta property=\"og:title\" content=\"Formation Transmission -\" \/>\n<meta property=\"og:description\" content=\"Former et se former La formation est une des bases de l&rsquo;\u00e9ducation populaire. Nous n&rsquo;en avons jamais fini d&rsquo;apprendre ! Notre \u00e9quipe salari\u00e9e suit r\u00e9guli\u00e8rement &hellip;\" \/>\n<meta property=\"og:url\" content=\"https:\/\/www.decouvesverte.fr\/index.php\/formation-transmission\/\" \/>\n<meta property=\"article:modified_time\" content=\"2024-08-20T13:07:05+00:00\" \/>\n<meta property=\"og:image\" content=\"https:\/\/www.decouvesverte.fr\/wp-content\/uploads\/2021\/11\/IMG_20191201_114626_467-scaled.jpg\" \/>\n\t<meta property=\"og:image:width\" content=\"2560\" \/>\n\t<meta property=\"og:image:height\" content=\"1535\" \/>\n\t<meta property=\"og:image:type\" content=\"image\/jpeg\" \/>\n<meta name=\"twitter:card\" content=\"summary_large_image\" \/>\n<meta name=\"twitter:label1\" content=\"Dur\u00e9e de lecture estim\u00e9e\" \/>\n\t<meta name=\"twitter:data1\" content=\"1 minute\" \/>\n<script type=\"application\/ld+json\" class=\"yoast-schema-graph\">{\"@context\":\"https:\\\/\\\/schema.org\",\"@graph\":[{\"@type\":\"WebPage\",\"@id\":\"https:\\\/\\\/www.decouvesverte.fr\\\/index.php\\\/formation-transmission\\\/\",\"url\":\"https:\\\/\\\/www.decouvesverte.fr\\\/index.php\\\/formation-transmission\\\/\",\"name\":\"Formation Transmission -\",\"isPartOf\":{\"@id\":\"https:\\\/\\\/www.decouvesverte.fr\\\/#website\"},\"primaryImageOfPage\":{\"@id\":\"https:\\\/\\\/www.decouvesverte.fr\\\/index.php\\\/formation-transmission\\\/#primaryimage\"},\"image\":{\"@id\":\"https:\\\/\\\/www.decouvesverte.fr\\\/index.php\\\/formation-transmission\\\/#primaryimage\"},\"thumbnailUrl\":\"https:\\\/\\\/www.decouvesverte.fr\\\/wp-content\\\/uploads\\\/2021\\\/11\\\/IMG_20191201_114626_467-scaled.jpg\",\"datePublished\":\"2021-11-24T09:29:36+00:00\",\"dateModified\":\"2024-08-20T13:07:05+00:00\",\"breadcrumb\":{\"@id\":\"https:\\\/\\\/www.decouvesverte.fr\\\/index.php\\\/formation-transmission\\\/#breadcrumb\"},\"inLanguage\":\"fr-FR\",\"potentialAction\":[{\"@type\":\"ReadAction\",\"target\":[\"https:\\\/\\\/www.decouvesverte.fr\\\/index.php\\\/formation-transmission\\\/\"]}]},{\"@type\":\"ImageObject\",\"inLanguage\":\"fr-FR\",\"@id\":\"https:\\\/\\\/www.decouvesverte.fr\\\/index.php\\\/formation-transmission\\\/#primaryimage\",\"url\":\"https:\\\/\\\/www.decouvesverte.fr\\\/wp-content\\\/uploads\\\/2021\\\/11\\\/IMG_20191201_114626_467-scaled.jpg\",\"contentUrl\":\"https:\\\/\\\/www.decouvesverte.fr\\\/wp-content\\\/uploads\\\/2021\\\/11\\\/IMG_20191201_114626_467-scaled.jpg\",\"width\":2560,\"height\":1535},{\"@type\":\"BreadcrumbList\",\"@id\":\"https:\\\/\\\/www.decouvesverte.fr\\\/index.php\\\/formation-transmission\\\/#breadcrumb\",\"itemListElement\":[{\"@type\":\"ListItem\",\"position\":1,\"name\":\"Accueil\",\"item\":\"https:\\\/\\\/www.decouvesverte.fr\\\/\"},{\"@type\":\"ListItem\",\"position\":2,\"name\":\"Formation Transmission\"}]},{\"@type\":\"WebSite\",\"@id\":\"https:\\\/\\\/www.decouvesverte.fr\\\/#website\",\"url\":\"https:\\\/\\\/www.decouvesverte.fr\\\/\",\"name\":\"\",\"description\":\"On m\u00e9lange rencontres, \u00e9changes et partage !\",\"potentialAction\":[{\"@type\":\"SearchAction\",\"target\":{\"@type\":\"EntryPoint\",\"urlTemplate\":\"https:\\\/\\\/www.decouvesverte.fr\\\/?s={search_term_string}\"},\"query-input\":{\"@type\":\"PropertyValueSpecification\",\"valueRequired\":true,\"valueName\":\"search_term_string\"}}],\"inLanguage\":\"fr-FR\"}]}<\/script>\n<!-- \/ Yoast SEO plugin. -->","yoast_head_json":{"title":"Formation Transmission -","robots":{"index":"index","follow":"follow","max-snippet":"max-snippet:-1","max-image-preview":"max-image-preview:large","max-video-preview":"max-video-preview:-1"},"canonical":"https:\/\/www.decouvesverte.fr\/index.php\/formation-transmission\/","og_locale":"fr_FR","og_type":"article","og_title":"Formation Transmission -","og_description":"Former et se former La formation est une des bases de l&rsquo;\u00e9ducation populaire. Nous n&rsquo;en avons jamais fini d&rsquo;apprendre ! Notre \u00e9quipe salari\u00e9e suit r\u00e9guli\u00e8rement &hellip;","og_url":"https:\/\/www.decouvesverte.fr\/index.php\/formation-transmission\/","article_modified_time":"2024-08-20T13:07:05+00:00","og_image":[{"width":2560,"height":1535,"url":"https:\/\/www.decouvesverte.fr\/wp-content\/uploads\/2021\/11\/IMG_20191201_114626_467-scaled.jpg","type":"image\/jpeg"}],"twitter_card":"summary_large_image","twitter_misc":{"Dur\u00e9e de lecture estim\u00e9e":"1 minute"},"schema":{"@context":"https:\/\/schema.org","@graph":[{"@type":"WebPage","@id":"https:\/\/www.decouvesverte.fr\/index.php\/formation-transmission\/","url":"https:\/\/www.decouvesverte.fr\/index.php\/formation-transmission\/","name":"Formation Transmission -","isPartOf":{"@id":"https:\/\/www.decouvesverte.fr\/#website"},"primaryImageOfPage":{"@id":"https:\/\/www.decouvesverte.fr\/index.php\/formation-transmission\/#primaryimage"},"image":{"@id":"https:\/\/www.decouvesverte.fr\/index.php\/formation-transmission\/#primaryimage"},"thumbnailUrl":"https:\/\/www.decouvesverte.fr\/wp-content\/uploads\/2021\/11\/IMG_20191201_114626_467-scaled.jpg","datePublished":"2021-11-24T09:29:36+00:00","dateModified":"2024-08-20T13:07:05+00:00","breadcrumb":{"@id":"https:\/\/www.decouvesverte.fr\/index.php\/formation-transmission\/#breadcrumb"},"inLanguage":"fr-FR","potentialAction":[{"@type":"ReadAction","target":["https:\/\/www.decouvesverte.fr\/index.php\/formation-transmission\/"]}]},{"@type":"ImageObject","inLanguage":"fr-FR","@id":"https:\/\/www.decouvesverte.fr\/index.php\/formation-transmission\/#primaryimage","url":"https:\/\/www.decouvesverte.fr\/wp-content\/uploads\/2021\/11\/IMG_20191201_114626_467-scaled.jpg","contentUrl":"https:\/\/www.decouvesverte.fr\/wp-content\/uploads\/2021\/11\/IMG_20191201_114626_467-scaled.jpg","width":2560,"height":1535},{"@type":"BreadcrumbList","@id":"https:\/\/www.decouvesverte.fr\/index.php\/formation-transmission\/#breadcrumb","itemListElement":[{"@type":"ListItem","position":1,"name":"Accueil","item":"https:\/\/www.decouvesverte.fr\/"},{"@type":"ListItem","position":2,"name":"Formation Transmission"}]},{"@type":"WebSite","@id":"https:\/\/www.decouvesverte.fr\/#website","url":"https:\/\/www.decouvesverte.fr\/","name":"","description":"On m\u00e9lange rencontres, \u00e9changes et partage !","potentialAction":[{"@type":"SearchAction","target":{"@type":"EntryPoint","urlTemplate":"https:\/\/www.decouvesverte.fr\/?s={search_term_string}"},"query-input":{"@type":"PropertyValueSpecification","valueRequired":true,"valueName":"search_term_string"}}],"inLanguage":"fr-FR"}]}},"_links":{"self":[{"href":"https:\/\/www.decouvesverte.fr\/index.php\/wp-json\/wp\/v2\/pages\/308","targetHints":{"allow":["GET"]}}],"collection":[{"href":"https:\/\/www.decouvesverte.fr\/index.php\/wp-json\/wp\/v2\/pages"}],"about":[{"href":"https:\/\/www.decouvesverte.fr\/index.php\/wp-json\/wp\/v2\/types\/page"}],"author":[{"embeddable":true,"href":"https:\/\/www.decouvesverte.fr\/index.php\/wp-json\/wp\/v2\/users\/2"}],"replies":[{"embeddable":true,"href":"https:\/\/www.decouvesverte.fr\/index.php\/wp-json\/wp\/v2\/comments?post=308"}],"version-history":[{"count":8,"href":"https:\/\/www.decouvesverte.fr\/index.php\/wp-json\/wp\/v2\/pages\/308\/revisions"}],"predecessor-version":[{"id":2157,"href":"https:\/\/www.decouvesverte.fr\/index.php\/wp-json\/wp\/v2\/pages\/308\/revisions\/2157"}],"wp:featuredmedia":[{"embeddable":true,"href":"https:\/\/www.decouvesverte.fr\/index.php\/wp-json\/wp\/v2\/media\/410"}],"wp:attachment":[{"href":"https:\/\/www.decouvesverte.fr\/index.php\/wp-json\/wp\/v2\/media?parent=308"}],"curies":[{"name":"wp","href":"https:\/\/api.w.org\/{rel}","templated":true}]}}